{"id":6785,"date":"2024-02-15T09:35:30","date_gmt":"2024-02-15T08:35:30","guid":{"rendered":"https:\/\/njordprotect.pl\/my-account\/"},"modified":"2025-03-18T09:57:43","modified_gmt":"2025-03-18T08:57:43","slug":"my-account","status":"publish","type":"page","link":"https:\/\/njordprotect.pl\/en\/my-account\/","title":{"rendered":"My Account"},"content":{"rendered":"<div class=\"woocommerce\">\n<div class=\"jet-woo-builder-woocommerce-myaccount-login-page\">\n\n\t<div class=\"woocommerce-notices-wrapper\"><\/div>\n\t<div id=\"customer_login\">\n\t\t\t\t<div data-elementor-type=\"jet-woo-builder-myaccount\" data-elementor-id=\"7292\" class=\"elementor elementor-7292 elementor-4011\" data-elementor-post-type=\"jet-woo-builder\">\n\t\t\t\t<div class=\"elementor-element elementor-element-08ea390 e-flex e-con-boxed e-con e-parent\" data-id=\"08ea390\" data-element_type=\"container\" data-e-type=\"container\" data-settings=\"{&quot;jet_parallax_layout_list&quot;:[]}\">\n\t\t\t\t\t<div class=\"e-con-inner\">\n\t\t<div class=\"elementor-element elementor-element-c0344a8 e-con-full e-flex e-con e-child\" data-id=\"c0344a8\" data-element_type=\"container\" data-e-type=\"container\" data-settings=\"{&quot;jet_parallax_layout_list&quot;:[]}\">\n\t\t\t\t<div class=\"elementor-element elementor-element-79fa86c elementor-widget elementor-widget-heading\" data-id=\"79fa86c\" data-element_type=\"widget\" data-e-type=\"widget\" data-widget_type=\"heading.default\">\n\t\t\t\t<div class=\"elementor-widget-container\">\n\t\t\t\t\t<h2 class=\"elementor-heading-title elementor-size-default\">Register and gain:<\/h2>\t\t\t\t<\/div>\n\t\t\t\t<\/div>\n\t\t\t\t<div class=\"elementor-element elementor-element-306268f elementor-tablet-align-start elementor-widget-mobile__width-inherit elementor-icon-list--layout-traditional elementor-list-item-link-full_width elementor-widget elementor-widget-icon-list\" data-id=\"306268f\" data-element_type=\"widget\" data-e-type=\"widget\" data-widget_type=\"icon-list.default\">\n\t\t\t\t<div class=\"elementor-widget-container\">\n\t\t\t\t\t\t\t<ul class=\"elementor-icon-list-items\">\n\t\t\t\t\t\t\t<li class=\"elementor-icon-list-item\">\n\t\t\t\t\t\t\t\t\t\t\t<span class=\"elementor-icon-list-icon\">\n\t\t\t\t\t\t\t<svg xmlns=\"http:\/\/www.w3.org\/2000\/svg\" width=\"1200pt\" height=\"1200pt\" viewBox=\"0 0 1200 1200\"><path d=\"m1129.2 301.2-648 649.2s-1.1992 1.1992-2.3984 1.1992c-1.1992 1.1992-2.3984 2.3984-3.6016 3.6016-4.8008 3.6016-12 4.8008-19.199 4.8008-2.3984 0-4.8008 0-7.1992-1.1992-1.1992 0-2.3984-1.1992-3.6016-1.1992-1.1992 0-2.3984 0-3.6016-1.1992-1.1992-1.1992-3.6016-1.1992-4.8008-2.3984 0 0-1.1992 0-1.1992-1.1992-1.1992-1.1992-3.6016-2.3984-4.8008-3.6016l-1.1992-1.1992-360-361.2c-14.398-14.398-14.398-37.199 0-50.398 14.398-14.398 37.199-14.398 50.398 0l336 337.2 622.8-622.8c14.398-14.398 37.199-14.398 50.398 0 14.402 13.199 14.402 36 0 50.398z\"><\/path><\/svg>\t\t\t\t\t\t<\/span>\n\t\t\t\t\t\t\t\t\t\t<span class=\"elementor-icon-list-text\">Easily manage account settings and personalization<\/span>\n\t\t\t\t\t\t\t\t\t<\/li>\n\t\t\t\t\t\t\t\t<li class=\"elementor-icon-list-item\">\n\t\t\t\t\t\t\t\t\t\t\t<span class=\"elementor-icon-list-icon\">\n\t\t\t\t\t\t\t<svg xmlns=\"http:\/\/www.w3.org\/2000\/svg\" width=\"1200pt\" height=\"1200pt\" viewBox=\"0 0 1200 1200\"><path d=\"m1129.2 301.2-648 649.2s-1.1992 1.1992-2.3984 1.1992c-1.1992 1.1992-2.3984 2.3984-3.6016 3.6016-4.8008 3.6016-12 4.8008-19.199 4.8008-2.3984 0-4.8008 0-7.1992-1.1992-1.1992 0-2.3984-1.1992-3.6016-1.1992-1.1992 0-2.3984 0-3.6016-1.1992-1.1992-1.1992-3.6016-1.1992-4.8008-2.3984 0 0-1.1992 0-1.1992-1.1992-1.1992-1.1992-3.6016-2.3984-4.8008-3.6016l-1.1992-1.1992-360-361.2c-14.398-14.398-14.398-37.199 0-50.398 14.398-14.398 37.199-14.398 50.398 0l336 337.2 622.8-622.8c14.398-14.398 37.199-14.398 50.398 0 14.402 13.199 14.402 36 0 50.398z\"><\/path><\/svg>\t\t\t\t\t\t<\/span>\n\t\t\t\t\t\t\t\t\t\t<span class=\"elementor-icon-list-text\">Access one shopping cart on multiple devices<\/span>\n\t\t\t\t\t\t\t\t\t<\/li>\n\t\t\t\t\t\t\t\t<li class=\"elementor-icon-list-item\">\n\t\t\t\t\t\t\t\t\t\t\t<span class=\"elementor-icon-list-icon\">\n\t\t\t\t\t\t\t<svg xmlns=\"http:\/\/www.w3.org\/2000\/svg\" width=\"1200pt\" height=\"1200pt\" viewBox=\"0 0 1200 1200\"><path d=\"m1129.2 301.2-648 649.2s-1.1992 1.1992-2.3984 1.1992c-1.1992 1.1992-2.3984 2.3984-3.6016 3.6016-4.8008 3.6016-12 4.8008-19.199 4.8008-2.3984 0-4.8008 0-7.1992-1.1992-1.1992 0-2.3984-1.1992-3.6016-1.1992-1.1992 0-2.3984 0-3.6016-1.1992-1.1992-1.1992-3.6016-1.1992-4.8008-2.3984 0 0-1.1992 0-1.1992-1.1992-1.1992-1.1992-3.6016-2.3984-4.8008-3.6016l-1.1992-1.1992-360-361.2c-14.398-14.398-14.398-37.199 0-50.398 14.398-14.398 37.199-14.398 50.398 0l336 337.2 622.8-622.8c14.398-14.398 37.199-14.398 50.398 0 14.402 13.199 14.402 36 0 50.398z\"><\/path><\/svg>\t\t\t\t\t\t<\/span>\n\t\t\t\t\t\t\t\t\t\t<span class=\"elementor-icon-list-text\">Access your order history in your account<\/span>\n\t\t\t\t\t\t\t\t\t<\/li>\n\t\t\t\t\t\t\t\t<li class=\"elementor-icon-list-item\">\n\t\t\t\t\t\t\t\t\t\t\t<span class=\"elementor-icon-list-icon\">\n\t\t\t\t\t\t\t<svg xmlns=\"http:\/\/www.w3.org\/2000\/svg\" width=\"1200pt\" height=\"1200pt\" viewBox=\"0 0 1200 1200\"><path d=\"m1129.2 301.2-648 649.2s-1.1992 1.1992-2.3984 1.1992c-1.1992 1.1992-2.3984 2.3984-3.6016 3.6016-4.8008 3.6016-12 4.8008-19.199 4.8008-2.3984 0-4.8008 0-7.1992-1.1992-1.1992 0-2.3984-1.1992-3.6016-1.1992-1.1992 0-2.3984 0-3.6016-1.1992-1.1992-1.1992-3.6016-1.1992-4.8008-2.3984 0 0-1.1992 0-1.1992-1.1992-1.1992-1.1992-3.6016-2.3984-4.8008-3.6016l-1.1992-1.1992-360-361.2c-14.398-14.398-14.398-37.199 0-50.398 14.398-14.398 37.199-14.398 50.398 0l336 337.2 622.8-622.8c14.398-14.398 37.199-14.398 50.398 0 14.402 13.199 14.402 36 0 50.398z\"><\/path><\/svg>\t\t\t\t\t\t<\/span>\n\t\t\t\t\t\t\t\t\t\t<span class=\"elementor-icon-list-text\">Autocomplete data in subsequent orders<\/span>\n\t\t\t\t\t\t\t\t\t<\/li>\n\t\t\t\t\t\t\t\t<li class=\"elementor-icon-list-item\">\n\t\t\t\t\t\t\t\t\t\t\t<span class=\"elementor-icon-list-icon\">\n\t\t\t\t\t\t\t<svg xmlns=\"http:\/\/www.w3.org\/2000\/svg\" width=\"1200pt\" height=\"1200pt\" viewBox=\"0 0 1200 1200\"><path d=\"m1129.2 301.2-648 649.2s-1.1992 1.1992-2.3984 1.1992c-1.1992 1.1992-2.3984 2.3984-3.6016 3.6016-4.8008 3.6016-12 4.8008-19.199 4.8008-2.3984 0-4.8008 0-7.1992-1.1992-1.1992 0-2.3984-1.1992-3.6016-1.1992-1.1992 0-2.3984 0-3.6016-1.1992-1.1992-1.1992-3.6016-1.1992-4.8008-2.3984 0 0-1.1992 0-1.1992-1.1992-1.1992-1.1992-3.6016-2.3984-4.8008-3.6016l-1.1992-1.1992-360-361.2c-14.398-14.398-14.398-37.199 0-50.398 14.398-14.398 37.199-14.398 50.398 0l336 337.2 622.8-622.8c14.398-14.398 37.199-14.398 50.398 0 14.402 13.199 14.402 36 0 50.398z\"><\/path><\/svg>\t\t\t\t\t\t<\/span>\n\t\t\t\t\t\t\t\t\t\t<span class=\"elementor-icon-list-text\">Ability to track order status<\/span>\n\t\t\t\t\t\t\t\t\t<\/li>\n\t\t\t\t\t\t<\/ul>\n\t\t\t\t\t\t<\/div>\n\t\t\t\t<\/div>\n\t\t\t\t<\/div>\n\t\t<div class=\"elementor-element elementor-element-8368c29 e-con-full e-flex e-con e-child\" data-id=\"8368c29\" data-element_type=\"container\" data-e-type=\"container\" data-settings=\"{&quot;jet_parallax_layout_list&quot;:[]}\">\n\t\t\t\t<div class=\"elementor-element elementor-element-899f781 elementor-widget elementor-widget-jet-switcher\" data-id=\"899f781\" data-element_type=\"widget\" data-e-type=\"widget\" data-widget_type=\"jet-switcher.default\">\n\t\t\t\t<div class=\"elementor-widget-container\">\n\t\t\t\t\t<div class=\"jet-switcher jet-switcher--preset-2 jet-switcher-move-up-effect jet-switcher--disable\" data-settings=\"{&quot;effect&quot;:&quot;move-up&quot;}\">\n\t\t\t<div class=\"jet-switcher__control-wrapper\"><div class=\"jet-switcher__control jet-switcher__control--disable\" role=\"button\" tabindex=\"0\" aria-controls=\"jet-switcher-content-disable-899f781\" aria-expanded=\"true\">\n\t<div class=\"jet-switcher__label-text\">Login<\/div><\/div>\n<div class=\"jet-switcher__control-instance\">\n\t<div class=\"jet-switcher__control-handler\"><span><\/span><\/div>\n<\/div>\n<div class=\"jet-switcher__control jet-switcher__control--enable\" role=\"button\" tabindex=\"0\" aria-controls=\"jet-switcher-content-enable-899f781\" aria-expanded=\"false\">\n\t<div class=\"jet-switcher__label-text\">Register<\/div><\/div>\n\n<\/div>\n\t\t\t<div class=\"jet-switcher__content-wrapper\"><div id=\"jet-switcher-content-disable-899f781\" class=\"jet-switcher__content jet-switcher__content--disable active-content\" aria-hidden=\"false\">\t\t<div data-elementor-type=\"container\" data-elementor-id=\"7256\" class=\"elementor elementor-7256 elementor-4755\" data-elementor-post-type=\"elementor_library\">\n\t\t\t\t<div class=\"elementor-element elementor-element-16c1ecc0 e-flex e-con-boxed e-con e-parent\" data-id=\"16c1ecc0\" data-element_type=\"container\" data-e-type=\"container\" data-settings=\"{&quot;jet_parallax_layout_list&quot;:[]}\">\n\t\t\t\t\t<div class=\"e-con-inner\">\n\t\t\t\t<div class=\"elementor-element elementor-element-1db844a4 elementor-widget elementor-widget-jet-myaccount-login-form\" data-id=\"1db844a4\" data-element_type=\"widget\" data-e-type=\"widget\" data-widget_type=\"jet-myaccount-login-form.default\">\n\t\t\t\t<div class=\"elementor-widget-container\">\n\t\t\t\t\t<div class=\"elementor-jet-myaccount-login-form jet-woo-builder\">\n<h2>Login<\/h2>\n\n<form class=\"woocommerce-form woocommerce-form-login login\" method=\"post\" novalidate>\n\n\t\n\t<p class=\"woocommerce-form-row woocommerce-form-row--wide form-row form-row-wide\">\n\t\t<label for=\"username\">Username or email address&nbsp;<span class=\"required\">*<\/span><\/label>\n\t\t<input type=\"text\" class=\"woocommerce-Input woocommerce-Input--text input-text\" name=\"username\" id=\"username\" autocomplete=\"username\" value=\"\" \/>\t<\/p>\n\t<p class=\"woocommerce-form-row woocommerce-form-row--wide form-row form-row-wide\">\n\t\t<label for=\"password\">Password&nbsp;<span class=\"required\">*<\/span><\/label>\n\t\t<input class=\"woocommerce-Input woocommerce-Input--text input-text\" type=\"password\" name=\"password\" id=\"password\" autocomplete=\"current-password\" \/>\n\t<\/p>\n\n\t\n\t<p class=\"form-row\">\n\t\t<label class=\"woocommerce-form__label woocommerce-form__label-for-checkbox woocommerce-form-login__rememberme\">\n\t\t\t<input class=\"woocommerce-form__input woocommerce-form__input-checkbox\" name=\"rememberme\" type=\"checkbox\" id=\"rememberme\" value=\"forever\" \/> <span>Remember me<\/span>\n\t\t<\/label>\n\t\t<input type=\"hidden\" id=\"woocommerce-login-nonce\" name=\"woocommerce-login-nonce\" value=\"6a3747eba4\" \/><input type=\"hidden\" name=\"_wp_http_referer\" value=\"\/en\/wp-json\/wp\/v2\/pages\/6785\" \/>\t\t<button type=\"submit\" class=\"woocommerce-button button woocommerce-form-login__submit \" name=\"login\" value=\"Log in\">Log in<\/button>\n\t<\/p>\n\t<p class=\"woocommerce-LostPassword lost_password\">\n\t\t<a href=\"https:\/\/njordprotect.pl\/en\/my-account\/lost-password\/\">Lost your password?<\/a>\n\t<\/p>\n\n\t\n<\/form><\/div>\t\t\t\t<\/div>\n\t\t\t\t<\/div>\n\t\t\t\t\t<\/div>\n\t\t\t\t<\/div>\n\t\t\t\t<\/div>\n\t\t<\/div><div id=\"jet-switcher-content-enable-899f781\" class=\"jet-switcher__content jet-switcher__content--enable \" aria-hidden=\"true\">\t\t<div data-elementor-type=\"container\" data-elementor-id=\"7254\" class=\"elementor elementor-7254 elementor-4759\" data-elementor-post-type=\"elementor_library\">\n\t\t\t\t<div class=\"elementor-element elementor-element-4caab522 e-flex e-con-boxed e-con e-parent\" data-id=\"4caab522\" data-element_type=\"container\" data-e-type=\"container\" data-settings=\"{&quot;jet_parallax_layout_list&quot;:[]}\">\n\t\t\t\t\t<div class=\"e-con-inner\">\n\t\t\t\t<div class=\"elementor-element elementor-element-6f57e056 elementor-widget elementor-widget-jet-myaccount-registration-form\" data-id=\"6f57e056\" data-element_type=\"widget\" data-e-type=\"widget\" data-widget_type=\"jet-myaccount-registration-form.default\">\n\t\t\t\t<div class=\"elementor-widget-container\">\n\t\t\t\t\t<div class=\"elementor-jet-myaccount-registration-form jet-woo-builder\">\n<h2>Register<\/h2>\n\n<form method=\"post\" class=\"woocommerce-form woocommerce-form-register register\"  >\n\n\t\n\t\n\t<p class=\"woocommerce-form-row woocommerce-form-row--wide form-row form-row-wide\">\n\t\t<label for=\"reg_email\">Email address&nbsp;<span class=\"required\">*<\/span><\/label>\n\t\t<input type=\"email\" class=\"woocommerce-Input woocommerce-Input--text input-text\" name=\"email\" id=\"reg_email\" autocomplete=\"email\" value=\"\" \/>\t<\/p>\n\n\t\n\t\t<p class=\"woocommerce-form-row woocommerce-form-row--wide form-row form-row-wide\">\n\t\t\t<label for=\"reg_password\">Password&nbsp;<span class=\"required\">*<\/span><\/label>\n\t\t\t<input type=\"password\" class=\"woocommerce-Input woocommerce-Input--text input-text\" name=\"password\" id=\"reg_password\" autocomplete=\"new-password\" \/>\n\t\t<\/p>\n\n\t\n\t<wc-order-attribution-inputs><\/wc-order-attribution-inputs><div class=\"woocommerce-privacy-policy-text\"><p>Twoje dane osobowe zostan\u0105 u\u017cyte do obs\u0142ugi twojej wizyty na naszej stronie, zarz\u0105dzania dost\u0119pem do twojego konta i dla innych cel\u00f3w o kt\u00f3rych m\u00f3wi nasza <a href=\"https:\/\/njordprotect.pl\/polityka-prywatnosci\/\" class=\"woocommerce-privacy-policy-link\" target=\"_blank\">privacy policy<\/a>.<\/p>\n<\/div>\n\t<p class=\"woocommerce-form-row form-row\">\n\t\t<input type=\"hidden\" id=\"woocommerce-register-nonce\" name=\"woocommerce-register-nonce\" value=\"85de7b02ee\" \/><input type=\"hidden\" name=\"_wp_http_referer\" value=\"\/en\/wp-json\/wp\/v2\/pages\/6785\" \/>\t\t<button type=\"submit\" class=\"woocommerce-Button woocommerce-button button woocommerce-form-register__submit \" name=\"register\" value=\"Register\">Register<\/button>\n\t<\/p>\n\n\t\n<\/form><\/div>\t\t\t\t<\/div>\n\t\t\t\t<\/div>\n\t\t\t\t\t<\/div>\n\t\t\t\t<\/div>\n\t\t\t\t<\/div>\n\t\t<\/div><\/div>\n\t\t<\/div>\n\t\t\t\t\t\t<\/div>\n\t\t\t\t<\/div>\n\t\t\t\t<\/div>\n\t\t\t\t\t<\/div>\n\t\t\t\t<\/div>\n\t\t\t\t<\/div>\n\t\t\t<\/div>\n\n\t\n<\/div>\n\n<\/div>\n","protected":false},"excerpt":{"rendered":"","protected":false},"author":4,"featured_media":0,"parent":0,"menu_order":0,"comment_status":"closed","ping_status":"closed","template":"","meta":{"footnotes":""},"class_list":["post-6785","page","type-page","status-publish","hentry"],"yoast_head":"<!-- This site is optimized with the Yoast SEO plugin v27.0 - https:\/\/yoast.com\/product\/yoast-seo-wordpress\/ -->\n<title>My Account - NJORD<\/title>\n<meta name=\"robots\" content=\"index, follow, max-snippet:-1, max-image-preview:large, max-video-preview:-1\" \/>\n<link rel=\"canonical\" href=\"https:\/\/njordprotect.pl\/en\/my-account\/\" \/>\n<meta property=\"og:locale\" content=\"en_US\" \/>\n<meta property=\"og:type\" content=\"article\" \/>\n<meta property=\"og:title\" content=\"My Account - NJORD\" \/>\n<meta property=\"og:url\" content=\"https:\/\/njordprotect.pl\/en\/my-account\/\" \/>\n<meta property=\"og:site_name\" content=\"NJORD\" \/>\n<meta property=\"article:modified_time\" content=\"2025-03-18T08:57:43+00:00\" \/>\n<meta name=\"twitter:card\" content=\"summary_large_image\" \/>\n<script type=\"application\/ld+json\" class=\"yoast-schema-graph\">{\"@context\":\"https:\/\/schema.org\",\"@graph\":[{\"@type\":\"WebPage\",\"@id\":\"https:\/\/njordprotect.pl\/en\/my-account\/\",\"url\":\"https:\/\/njordprotect.pl\/en\/my-account\/\",\"name\":\"My Account - NJORD\",\"isPartOf\":{\"@id\":\"https:\/\/njordprotect.pl\/en\/#website\"},\"datePublished\":\"2024-02-15T08:35:30+00:00\",\"dateModified\":\"2025-03-18T08:57:43+00:00\",\"breadcrumb\":{\"@id\":\"https:\/\/njordprotect.pl\/en\/my-account\/#breadcrumb\"},\"inLanguage\":\"en-US\",\"potentialAction\":[{\"@type\":\"ReadAction\",\"target\":[\"https:\/\/njordprotect.pl\/en\/my-account\/\"]}]},{\"@type\":\"BreadcrumbList\",\"@id\":\"https:\/\/njordprotect.pl\/en\/my-account\/#breadcrumb\",\"itemListElement\":[{\"@type\":\"ListItem\",\"position\":1,\"name\":\"Main page\",\"item\":\"https:\/\/njordprotect.pl\/en\/\"},{\"@type\":\"ListItem\",\"position\":2,\"name\":\"My Account\"}]},{\"@type\":\"WebSite\",\"@id\":\"https:\/\/njordprotect.pl\/en\/#website\",\"url\":\"https:\/\/njordprotect.pl\/en\/\",\"name\":\"NJORD\",\"description\":\"\",\"publisher\":{\"@id\":\"https:\/\/njordprotect.pl\/en\/#organization\"},\"potentialAction\":[{\"@type\":\"SearchAction\",\"target\":{\"@type\":\"EntryPoint\",\"urlTemplate\":\"https:\/\/njordprotect.pl\/en\/?s={search_term_string}\"},\"query-input\":{\"@type\":\"PropertyValueSpecification\",\"valueRequired\":true,\"valueName\":\"search_term_string\"}}],\"inLanguage\":\"en-US\"},{\"@type\":\"Organization\",\"@id\":\"https:\/\/njordprotect.pl\/en\/#organization\",\"name\":\"NJORD\",\"url\":\"https:\/\/njordprotect.pl\/en\/\",\"logo\":{\"@type\":\"ImageObject\",\"inLanguage\":\"en-US\",\"@id\":\"https:\/\/njordprotect.pl\/en\/#\/schema\/logo\/image\/\",\"url\":\"https:\/\/njordprotect.pl\/wp-content\/uploads\/2024\/01\/logo-min.png\",\"contentUrl\":\"https:\/\/njordprotect.pl\/wp-content\/uploads\/2024\/01\/logo-min.png\",\"width\":2142,\"height\":892,\"caption\":\"NJORD\"},\"image\":{\"@id\":\"https:\/\/njordprotect.pl\/en\/#\/schema\/logo\/image\/\"}}]}<\/script>\n<!-- \/ Yoast SEO plugin. -->","yoast_head_json":{"title":"My Account - NJORD","robots":{"index":"index","follow":"follow","max-snippet":"max-snippet:-1","max-image-preview":"max-image-preview:large","max-video-preview":"max-video-preview:-1"},"canonical":"https:\/\/njordprotect.pl\/en\/my-account\/","og_locale":"en_US","og_type":"article","og_title":"My Account - NJORD","og_url":"https:\/\/njordprotect.pl\/en\/my-account\/","og_site_name":"NJORD","article_modified_time":"2025-03-18T08:57:43+00:00","twitter_card":"summary_large_image","schema":{"@context":"https:\/\/schema.org","@graph":[{"@type":"WebPage","@id":"https:\/\/njordprotect.pl\/en\/my-account\/","url":"https:\/\/njordprotect.pl\/en\/my-account\/","name":"My Account - NJORD","isPartOf":{"@id":"https:\/\/njordprotect.pl\/en\/#website"},"datePublished":"2024-02-15T08:35:30+00:00","dateModified":"2025-03-18T08:57:43+00:00","breadcrumb":{"@id":"https:\/\/njordprotect.pl\/en\/my-account\/#breadcrumb"},"inLanguage":"en-US","potentialAction":[{"@type":"ReadAction","target":["https:\/\/njordprotect.pl\/en\/my-account\/"]}]},{"@type":"BreadcrumbList","@id":"https:\/\/njordprotect.pl\/en\/my-account\/#breadcrumb","itemListElement":[{"@type":"ListItem","position":1,"name":"Main page","item":"https:\/\/njordprotect.pl\/en\/"},{"@type":"ListItem","position":2,"name":"My Account"}]},{"@type":"WebSite","@id":"https:\/\/njordprotect.pl\/en\/#website","url":"https:\/\/njordprotect.pl\/en\/","name":"NJORD","description":"","publisher":{"@id":"https:\/\/njordprotect.pl\/en\/#organization"},"potentialAction":[{"@type":"SearchAction","target":{"@type":"EntryPoint","urlTemplate":"https:\/\/njordprotect.pl\/en\/?s={search_term_string}"},"query-input":{"@type":"PropertyValueSpecification","valueRequired":true,"valueName":"search_term_string"}}],"inLanguage":"en-US"},{"@type":"Organization","@id":"https:\/\/njordprotect.pl\/en\/#organization","name":"NJORD","url":"https:\/\/njordprotect.pl\/en\/","logo":{"@type":"ImageObject","inLanguage":"en-US","@id":"https:\/\/njordprotect.pl\/en\/#\/schema\/logo\/image\/","url":"https:\/\/njordprotect.pl\/wp-content\/uploads\/2024\/01\/logo-min.png","contentUrl":"https:\/\/njordprotect.pl\/wp-content\/uploads\/2024\/01\/logo-min.png","width":2142,"height":892,"caption":"NJORD"},"image":{"@id":"https:\/\/njordprotect.pl\/en\/#\/schema\/logo\/image\/"}}]}},"_links":{"self":[{"href":"https:\/\/njordprotect.pl\/en\/wp-json\/wp\/v2\/pages\/6785","targetHints":{"allow":["GET"]}}],"collection":[{"href":"https:\/\/njordprotect.pl\/en\/wp-json\/wp\/v2\/pages"}],"about":[{"href":"https:\/\/njordprotect.pl\/en\/wp-json\/wp\/v2\/types\/page"}],"author":[{"embeddable":true,"href":"https:\/\/njordprotect.pl\/en\/wp-json\/wp\/v2\/users\/4"}],"replies":[{"embeddable":true,"href":"https:\/\/njordprotect.pl\/en\/wp-json\/wp\/v2\/comments?post=6785"}],"version-history":[{"count":1,"href":"https:\/\/njordprotect.pl\/en\/wp-json\/wp\/v2\/pages\/6785\/revisions"}],"predecessor-version":[{"id":10691,"href":"https:\/\/njordprotect.pl\/en\/wp-json\/wp\/v2\/pages\/6785\/revisions\/10691"}],"wp:attachment":[{"href":"https:\/\/njordprotect.pl\/en\/wp-json\/wp\/v2\/media?parent=6785"}],"curies":[{"name":"wp","href":"https:\/\/api.w.org\/{rel}","templated":true}]}}